{"id":3,"date":"2025-12-27T14:23:06","date_gmt":"2025-12-27T13:23:06","guid":{"rendered":"https:\/\/segurosquico.com\/?page_id=3"},"modified":"2026-02-24T12:06:08","modified_gmt":"2026-02-24T11:06:08","slug":"politica-privacidad","status":"publish","type":"page","link":"https:\/\/segurosquico.com\/en\/politica-privacidad\/","title":{"rendered":"Pol\u00edtica de privacidad"},"content":{"rendered":"\n<h2 class=\"wp-block-heading\">Qui\u00e9nes somos<\/h2>\n\n\n\n<p><strong>Denominaci\u00f3n social:<\/strong>\u00a0FRANCISCO ANTONIO ALVAREZ TEIJEIRO<\/p>\n\n\n\n<p><strong>NIF:<\/strong>\u00a033833476Q<\/p>\n\n\n\n<p><strong>Domicilio social:<\/strong>\u00a0C\/ EMPEDRADA, 16, BAJO<\/p>\n\n\n\n<p><strong>Tel\u00e9fono:<\/strong>\u00a0608718524<\/p>\n\n\n\n<p><strong>Correo electr\u00f3nico a efectos de comunicaci\u00f3n:<\/strong>\u00a001@SEGUROSQUICO.COM<\/p>\n\n\n\n<p><strong>Dominio WEB:<\/strong>\u00a0SEGUROSQUICO.COM<\/p>\n\n\n\n<p>Todas las notificaciones y comunicaciones entre los usuarios y SEGUROS QUICO se considerar\u00e1n eficaces, a todos los efectos, cuando se realicen a trav\u00e9s de correo postal o cualquier otro medio de los detallados anteriormente.<\/p>\n\n\n\n<p><strong>CONDICIONES DE ACCESO Y UTILIZACI\u00d3N<\/strong><\/p>\n\n\n\n<p>El presente aviso legal regula el uso del sitio web&nbsp;<em>www.segurosquico.com&nbsp;<\/em>(en adelante, LA WEB), del que es titular Francisco Antonio Alvarez Teijeiro.<\/p>\n\n\n\n<p>La navegaci\u00f3n por la web &nbsp;segurosquico.com atribuye la condici\u00f3n de usuario del mismo e implica la aceptaci\u00f3n plena y sin reservas de todas y cada una de las disposiciones incluidas en este Aviso Legal, que pueden sufrir modificaciones.<\/p>\n\n\n\n<p>El sitio web y sus servicios son de acceso libre y gratuito; no obstante, Francisco Antonio Alvarez Teijeiro condiciona la utilizaci\u00f3n de algunos de los servicios ofrecidos en su web a la previa cumplimentaci\u00f3n del correspondiente formulario.<\/p>\n\n\n\n<p>Todos los contenidos del sitio web, como textos, fotograf\u00edas, gr\u00e1ficos, im\u00e1genes, iconos, tecnolog\u00eda, software, as\u00ed como su dise\u00f1o y c\u00f3digos fuente, constituyen una obra cuya propiedad pertenecen a sus propietarios, sin que puedan entenderse cedidos al usuario ninguno de los derechos de explotaci\u00f3n sobre los mismos m\u00e1s all\u00e1 de lo estrictamente necesario para el correcto uso de la web.<\/p>\n\n\n\n<p>El usuario garantiza la autenticidad y actualidad de todos aquellos datos que comunique a Francisco Antonio Alvarez Teijeiro y ser\u00e1 el \u00fanico responsable de las manifestaciones falsas o inexactas que realice.<\/p>\n\n\n\n<p>El usuario se obliga a hacer un uso correcto del sitio web de conformidad con las leyes, la buena fe, el orden p\u00fablico, los usos del tr\u00e1fico y el presente Aviso Legal. El usuario responder\u00e1 frente a Francisco Antonio Alvarez Teijeiro o frente a terceros, de cualesquiera da\u00f1os y perjuicios que pudieran causarse como consecuencia del incumplimiento de dicha obligaci\u00f3n.<\/p>\n\n\n\n<ul class=\"wp-block-list\">\n<li><strong>POL\u00cdTICA DE ENLACES Y EXENCIONES DE RESPONSABILIDADES<\/strong><\/li>\n<\/ul>\n\n\n\n<p>Francisco Antonio Alvarez Teijeiro no se hace responsable del contenido de las p\u00e1ginas web a las que el usuario pueda acceder a trav\u00e9s de los enlaces establecidos en LA WEB y declara que en ning\u00fan caso proceder\u00e1 a examinar o ejercitar ning\u00fan tipo de control sobre el contenido de otras p\u00e1ginas de la red. Asimismo, tampoco garantizar\u00e1 la disponibilidad t\u00e9cnica, exactitud, veracidad, validez o legalidad de p\u00e1ginas ajenas a su propiedad a las que se pueda acceder por medio de los enlaces.<\/p>\n\n\n\n<p>Francisco Antonio Alvarez Teijeiro declara haber adoptado todas las medidas necesarias para evitar cualesquiera da\u00f1os que, a los usuarios de LA WEB, pudieran derivarse de la navegaci\u00f3n por la misma. En consecuencia, Francisco Antonio Alvarez Teijeiro no se hace responsable, en ning\u00fan caso, de los eventuales da\u00f1os que por la navegaci\u00f3n por Internet pudiera sufrir el usuario.<\/p>\n\n\n\n<ul class=\"wp-block-list\">\n<li><strong>USO DE COOKIES Y DATOS ESTAD\u00cdSTICOS<\/strong><\/li>\n<\/ul>\n\n\n\n<p>Esta p\u00e1gina web puede recoger datos de sus visitantes por medio del uso de cookies, donde se recabar\u00e1 informaci\u00f3n personal relacionada con su navegaci\u00f3n. Para conocer de manera clara y precisa las cookies que utilizamos, cu\u00e1les son sus finalidades y c\u00f3mo puede configurarlas o deshabilitarlas, consulte nuestra&nbsp;<strong><em><a href=\"https:\/\/montravad.com\/cookies\/\">pol\u00edtica de cookies<\/a><\/em><\/strong>, en su caso.<\/p>\n\n\n\n<p>El usuario tiene la posibilidad de configurar su navegador de modo que se le informe de la recepci\u00f3n de cookies, pudiendo, si as\u00ed lo desea, impedir que sean instaladas en su disco duro.<\/p>\n\n\n\n<ul class=\"wp-block-list\">\n<li><strong>PROTECCI\u00d3N DE DATOS<\/strong><\/li>\n<\/ul>\n\n\n\n<p>En el caso de que en la web se recojan datos de car\u00e1cter personal, para m\u00e1s informaci\u00f3n consultar la&nbsp;<strong><em>pol\u00edtica de privacidad<\/em><\/strong>.<\/p>\n\n\n\n<ul class=\"wp-block-list\">\n<li><strong>RESOLUCI\u00d3N DE CONTROVERSIAS. LEY APLICABLE Y JURISDICCI\u00d3N<\/strong><\/li>\n<\/ul>\n\n\n\n<p>Las presentes Condiciones Generales de Uso, as\u00ed como el uso del Espacio Web, se regir\u00e1n por la legislaci\u00f3n espa\u00f1ola. Para la resoluci\u00f3n de cualquier controversia las partes se someter\u00e1n a los Juzgados y Tribunales del domicilio social del responsable del sitio web.<\/p>\n\n\n\n<p>En el supuesto de que cualquier estipulaci\u00f3n de las presentes Condiciones Generales de Uso resultara inexigible o nula en virtud de la legislaci\u00f3n aplicable o como consecuencia de una resoluci\u00f3n judicial o administrativa, dicha inexigibilidad o nulidad no har\u00e1 que las presentes Condiciones Generales de Uso resulten inexigibles o nulas en su conjunto. En dichos casos, la empresa proceder\u00e1 a la modificaci\u00f3n o sustituci\u00f3n de dicha estipulaci\u00f3n por otra que sea v\u00e1lida y exigible y que, en la medida de lo posible, consiga el objetivo y pretensi\u00f3n reflejados en la estipulaci\u00f3n original.<\/p>\n","protected":false},"excerpt":{"rendered":"<p>Qui\u00e9nes somos Denominaci\u00f3n social:\u00a0FRANCISCO ANTONIO ALVAREZ TEIJEIRO NIF:\u00a033833476Q Domicilio social:\u00a0C\/ EMPEDRADA, 16, BAJO Tel\u00e9fono:\u00a0608718524 Correo electr\u00f3nico a efectos de comunicaci\u00f3n:\u00a001@SEGUROSQUICO.COM Dominio WEB:\u00a0SEGUROSQUICO.COM Todas las notificaciones y comunicaciones entre los usuarios y SEGUROS QUICO se considerar\u00e1n eficaces, a todos los efectos, cuando se realicen a trav\u00e9s de correo postal o cualquier otro medio de los detallados&#8230;<\/p>\n","protected":false},"author":1,"featured_media":0,"parent":0,"menu_order":0,"comment_status":"closed","ping_status":"open","template":"","meta":{"_kadence_starter_templates_imported_post":false,"_kad_post_transparent":"","_kad_post_title":"","_kad_post_layout":"","_kad_post_sidebar_id":"","_kad_post_content_style":"","_kad_post_vertical_padding":"","_kad_post_feature":"","_kad_post_feature_position":"","_kad_post_header":false,"_kad_post_footer":false,"_kad_post_classname":"","footnotes":""},"class_list":["post-3","page","type-page","status-publish","hentry"],"yoast_head":"<!-- This site is optimized with the Yoast SEO plugin v27.2 - https:\/\/yoast.com\/product\/yoast-seo-wordpress\/ -->\n<title>Pol\u00edtica de privacidad<\/title>\n<meta name=\"robots\" content=\"index, follow, max-snippet:-1, max-image-preview:large, max-video-preview:-1\" \/>\n<link rel=\"canonical\" href=\"https:\/\/segurosquico.com\/en\/politica-privacidad\/\" \/>\n<meta property=\"og:locale\" content=\"en_US\" \/>\n<meta property=\"og:locale:alternate\" content=\"es_ES\" \/>\n<meta property=\"og:type\" content=\"article\" \/>\n<meta property=\"og:title\" content=\"Pol\u00edtica de privacidad\" \/>\n<meta property=\"og:description\" content=\"Qui\u00e9nes somos Denominaci\u00f3n social:\u00a0FRANCISCO ANTONIO ALVAREZ TEIJEIRO NIF:\u00a033833476Q Domicilio social:\u00a0C\/ EMPEDRADA, 16, BAJO Tel\u00e9fono:\u00a0608718524 Correo electr\u00f3nico a efectos de comunicaci\u00f3n:\u00a001@SEGUROSQUICO.COM Dominio WEB:\u00a0SEGUROSQUICO.COM Todas las notificaciones y comunicaciones entre los usuarios y SEGUROS QUICO se considerar\u00e1n eficaces, a todos los efectos, cuando se realicen a trav\u00e9s de correo postal o cualquier otro medio de los detallados...\" \/>\n<meta property=\"og:url\" content=\"https:\/\/segurosquico.com\/en\/politica-privacidad\/\" \/>\n<meta property=\"og:site_name\" content=\"Quico Seguros\" \/>\n<meta property=\"article:modified_time\" content=\"2026-02-24T11:06:08+00:00\" \/>\n<meta name=\"twitter:card\" content=\"summary_large_image\" \/>\n<meta name=\"twitter:label1\" content=\"Est. reading time\" \/>\n\t<meta name=\"twitter:data1\" content=\"4 minutes\" \/>\n<script type=\"application\/ld+json\" class=\"yoast-schema-graph\">{\"@context\":\"https:\/\/schema.org\",\"@graph\":[{\"@type\":\"WebPage\",\"@id\":\"https:\/\/segurosquico.com\/politica-privacidad\/\",\"url\":\"https:\/\/segurosquico.com\/politica-privacidad\/\",\"name\":\"Pol\u00edtica de privacidad\",\"isPartOf\":{\"@id\":\"https:\/\/segurosquico.com\/#website\"},\"datePublished\":\"2025-12-27T13:23:06+00:00\",\"dateModified\":\"2026-02-24T11:06:08+00:00\",\"breadcrumb\":{\"@id\":\"https:\/\/segurosquico.com\/politica-privacidad\/#breadcrumb\"},\"inLanguage\":\"en-US\",\"potentialAction\":[{\"@type\":\"ReadAction\",\"target\":[\"https:\/\/segurosquico.com\/politica-privacidad\/\"]}]},{\"@type\":\"BreadcrumbList\",\"@id\":\"https:\/\/segurosquico.com\/politica-privacidad\/#breadcrumb\",\"itemListElement\":[{\"@type\":\"ListItem\",\"position\":1,\"name\":\"Portada\",\"item\":\"https:\/\/segurosquico.com\/\"},{\"@type\":\"ListItem\",\"position\":2,\"name\":\"Pol\u00edtica de privacidad\"}]},{\"@type\":\"WebSite\",\"@id\":\"https:\/\/segurosquico.com\/#website\",\"url\":\"https:\/\/segurosquico.com\/\",\"name\":\"Quico Seguros\",\"description\":\"\",\"potentialAction\":[{\"@type\":\"SearchAction\",\"target\":{\"@type\":\"EntryPoint\",\"urlTemplate\":\"https:\/\/segurosquico.com\/?s={search_term_string}\"},\"query-input\":{\"@type\":\"PropertyValueSpecification\",\"valueRequired\":true,\"valueName\":\"search_term_string\"}}],\"inLanguage\":\"en-US\"}]}<\/script>\n<!-- \/ Yoast SEO plugin. -->","yoast_head_json":{"title":"Pol\u00edtica de privacidad","robots":{"index":"index","follow":"follow","max-snippet":"max-snippet:-1","max-image-preview":"max-image-preview:large","max-video-preview":"max-video-preview:-1"},"canonical":"https:\/\/segurosquico.com\/en\/politica-privacidad\/","og_locale":"en_US","og_type":"article","og_title":"[:es]Pol\u00edtica de privacidad[:] - Quico Seguros","og_description":"Qui\u00e9nes somos Denominaci\u00f3n social:\u00a0FRANCISCO ANTONIO ALVAREZ TEIJEIRO NIF:\u00a033833476Q Domicilio social:\u00a0C\/ EMPEDRADA, 16, BAJO Tel\u00e9fono:\u00a0608718524 Correo electr\u00f3nico a efectos de comunicaci\u00f3n:\u00a001@SEGUROSQUICO.COM Dominio WEB:\u00a0SEGUROSQUICO.COM Todas las notificaciones y comunicaciones entre los usuarios y SEGUROS QUICO se considerar\u00e1n eficaces, a todos los efectos, cuando se realicen a trav\u00e9s de correo postal o cualquier otro medio de los detallados...","og_url":"https:\/\/segurosquico.com\/en\/politica-privacidad\/","og_site_name":"Quico Seguros","article_modified_time":"2026-02-24T11:06:08+00:00","twitter_card":"summary_large_image","twitter_misc":{"Est. reading time":"4 minutes"},"schema":{"@context":"https:\/\/schema.org","@graph":[{"@type":"WebPage","@id":"https:\/\/segurosquico.com\/politica-privacidad\/","url":"https:\/\/segurosquico.com\/politica-privacidad\/","name":"Pol\u00edtica de privacidad","isPartOf":{"@id":"https:\/\/segurosquico.com\/#website"},"datePublished":"2025-12-27T13:23:06+00:00","dateModified":"2026-02-24T11:06:08+00:00","breadcrumb":{"@id":"https:\/\/segurosquico.com\/politica-privacidad\/#breadcrumb"},"inLanguage":"en-US","potentialAction":[{"@type":"ReadAction","target":["https:\/\/segurosquico.com\/politica-privacidad\/"]}]},{"@type":"BreadcrumbList","@id":"https:\/\/segurosquico.com\/politica-privacidad\/#breadcrumb","itemListElement":[{"@type":"ListItem","position":1,"name":"Portada","item":"https:\/\/segurosquico.com\/"},{"@type":"ListItem","position":2,"name":"Pol\u00edtica de privacidad"}]},{"@type":"WebSite","@id":"https:\/\/segurosquico.com\/#website","url":"https:\/\/segurosquico.com\/","name":"Quico Seguros","description":"","potentialAction":[{"@type":"SearchAction","target":{"@type":"EntryPoint","urlTemplate":"https:\/\/segurosquico.com\/?s={search_term_string}"},"query-input":{"@type":"PropertyValueSpecification","valueRequired":true,"valueName":"search_term_string"}}],"inLanguage":"en-US"}]}},"_links":{"self":[{"href":"https:\/\/segurosquico.com\/en\/wp-json\/wp\/v2\/pages\/3","targetHints":{"allow":["GET"]}}],"collection":[{"href":"https:\/\/segurosquico.com\/en\/wp-json\/wp\/v2\/pages"}],"about":[{"href":"https:\/\/segurosquico.com\/en\/wp-json\/wp\/v2\/types\/page"}],"author":[{"embeddable":true,"href":"https:\/\/segurosquico.com\/en\/wp-json\/wp\/v2\/users\/1"}],"replies":[{"embeddable":true,"href":"https:\/\/segurosquico.com\/en\/wp-json\/wp\/v2\/comments?post=3"}],"version-history":[{"count":1,"href":"https:\/\/segurosquico.com\/en\/wp-json\/wp\/v2\/pages\/3\/revisions"}],"predecessor-version":[{"id":209,"href":"https:\/\/segurosquico.com\/en\/wp-json\/wp\/v2\/pages\/3\/revisions\/209"}],"wp:attachment":[{"href":"https:\/\/segurosquico.com\/en\/wp-json\/wp\/v2\/media?parent=3"}],"curies":[{"name":"wp","href":"https:\/\/api.w.org\/{rel}","templated":true}]}}